{"id":17,"date":"2022-11-30T17:20:31","date_gmt":"2022-11-30T16:20:31","guid":{"rendered":"http:\/\/yaelbitton.com\/?page_id=17"},"modified":"2023-01-25T11:16:49","modified_gmt":"2023-01-25T10:16:49","slug":"about-contact","status":"publish","type":"page","link":"https:\/\/yaelbitton.com\/index.php\/about-contact\/","title":{"rendered":"about &#038; contact"},"content":{"rendered":"\n<p class=\"has-text-align-left has-text-color has-small-font-size\" style=\"color:#5e5b5b\"><strong>Ya\u00ebl Bitton<\/strong> is a film-maker-editor-writer, and story consultant.<\/p>\n\n\n\n<p class=\"has-text-align-left has-text-color has-small-font-size\" style=\"color:#5e5b5b\">She has been making films for over 25 years and pursues collaborations with filmmakers around the world.<br>Additionally to her editor&#8217;s endeavours, she works independently as mentor, editing and story consultant <br>as well as for <strong><em>Rough Cut Service<\/em>,<em> Doc Nomads, DokIncubator<\/em>, <em>Doc Montevideo<\/em>, <em>Circle<\/em>, <em>Visions du R\u00e9el<\/em>, <br><em>Ex Oriente, Doc Aviv, and Doc Point. <\/em><\/strong><\/p>\n\n\n\n<p class=\"has-text-align-left has-text-color has-small-font-size\" style=\"color:#5e5b5b\">She has been working as an editing tutor at the <strong><em>HEAD\/Geneva in the Bachelor of Arts in Cinema<br>department<\/em> <\/strong>since 2008.<\/p>\n\n\n\n<p class=\"has-text-align-left has-text-color has-small-font-size\" style=\"color:#5e5b5b\">Ya\u00ebl is a member of <strong><em>The Oscars Academy<\/em><\/strong> in the documentary branch. <br>She won the <strong>Sima editing award<\/strong> for <strong><em>Radio Silence <\/em><\/strong>by Juliana Fanjul in 2020,<br>and the <strong>Best editing at Israel documentary forum <\/strong>for <em><strong>Advocate <\/strong><\/em>by RL Jones and Philippe Bellaiche in 2019.<\/p>\n\n\n\n<p class=\"has-text-align-left has-text-color has-small-font-size\" style=\"color:#5e5b5b\"><strong>As an editor, some of her credits include:<\/strong><\/p>\n\n\n\n<p class=\"has-text-align-left has-text-color has-small-font-size\" style=\"color:#5e5b5b\">&#8211;  <strong>Kix<\/strong> by David Mikulan and Balint Revesz 2022\/23(editor)<br>Prod. ARTE\/Cin\u00e9phage\/Elf Pictures Hungary<\/p>\n\n\n\n<p class=\"has-text-align-left has-text-color has-small-font-size\" style=\"color:#5e5b5b\">\u2013 <strong>Sound of thunderstorm <\/strong>by Biljana Tutorov 2022\/23 (editor and writer)<br>Prod. Wake up films \/Les films de l&#8217;oeil sauvage<\/p>\n\n\n\n<p class=\"has-text-align-left has-text-color has-small-font-size\" style=\"color:#5e5b5b\">\u2013 <strong>Invisible Demons<\/strong> by Rahul Jain 2021 (editor and writer)<br>Prod. Participant media\/Ikka Vehkalahti\/Majade<br>(Cannes Film Festival 2021, BFI 2021, Zurich Intl Film Festival 2021&#8230;)<\/p>\n\n\n\n<p class=\"has-text-align-left has-text-color has-small-font-size\" style=\"color:#5e5b5b\">\u2013 <strong>Hijos del Viento<\/strong> by Felipe Monroy 2021\/22 (editor)<br>Prod. Adok Films\/RTS<br>(Soleure 2023; Visions du r\u00e9el 2022; BIFF 2022; EDOC 2022&#8230;)<\/p>\n\n\n\n<p class=\"has-text-align-left has-text-color has-small-font-size\" style=\"color:#5e5b5b\">\u2013 <strong>Origins of the species<\/strong> by Abigail Child 2020 (editing consultant) <br>(DOC NYC 2020)<\/p>\n\n\n\n<p class=\"has-text-align-left has-text-color has-small-font-size\" style=\"color:#5e5b5b\">\u2013 <strong>Dans tes yeux je vois mon pays<\/strong> by Kamal Hachkar 2019\/2020 (editor)<br>Prod.H&#8217;Kart Studio\/Timbia films<br>(PCMMO 2021;Tangier film festival 2020\/\/ WINNER Jury award; PriMed 2020; Durban Int film festival 2020;Marrakech Intl film festival 2019&#8230;)<br><br>\u2013 <strong>Radio Silence<\/strong> by Juliana Fanjul 2019\/2020 (editor)<br>Prod. Akka films \/Cactus films Mexico<br>(FIFDH 2020 \/\/WINNER Prix Gilda Vieira de Mello; Fipadoc 2020; Ambulante 2020; DOKFEST 2020 Comp\u00e9tition Horizonte; Millenium -Festival international du documentaire ; FIPADOC 2020- Comp\u00e9tition Impact; Solothurner Filmtage 2020;Journ\u00e9es du Soleure; Idfa 2019&#8230;)<\/p>\n\n\n\n<p class=\"has-text-align-left has-text-color has-small-font-size\" style=\"color:#5e5b5b\">\u2013<strong> Advocate<\/strong> by Rachel Leah Jones and Philippe Bellaiche 2019 (editor)<br>Prod. Homemade docs\/Paul Cadieux\/Close up films<br>(Emmy 2021\/\/WINNER Best Documentary; Asia Pacific Screen Awards (APSA) \/\/ WINNER Best Documentary Feature; International Documentary Association Awards (IDA) \/\/ NOMINEE Best Documentary Feature and Best Directing; Producers Guild of America (PGA) \/\/NOMINEE Best Documentary Feature; European Film Awards (EWA) \/\/ Documentary Selection; Israel Documentary Forum Awards \/\/ WINNER Best Documentary Feature; Cinema Eye Honors \/\/ HONOREE The Unforgettables; Social Impact Media Awards \/\/ Winner Best Directing;Thessaloniki Documentary Film Festival \/\/ WINNER Golden Alexander; Thessaloniki International Film Festival \/\/ WINNER FIPRESCI Prize; Hong Kong Film Festival \/\/ WINNER Jury Prize; Docaviv Film Festival \/\/ WINNER Best Israeli Documentary; Krakow Film Festival \/\/WINNER Golden Horn; Moscow Jewish Film Festival \/\/ WINNER Best Documentary Feature; Antenna Film Festival \/\/ WINNER Best Film; Antenna Film Festival \/\/ WINNER Audience Award; Festival des Libert\u00e9s \/\/ WINNER Prix Smart; Loft Film Festival \/\/ WINNER Cinema Art Award \/\/ International Confederation of Art House Cinemas; UK Jewish Film Festival \/\/ WINNER Best Documentary; Verzio Human Rights Film Festival \/\/ WINNER Best Human Rights Film;Palm Springs Film Festival \/\/ WINNER GoE Bridging the Borders)<\/p>\n\n\n\n<p class=\"has-text-align-left has-text-color has-small-font-size\" style=\"color:#5e5b5b\">\u2013<strong> D&#8217;Angelo-The chosen one<\/strong> by Carine Bjilsma 2019 (editor)<br>Prod. Interakt\/Pulse Films\/SIgnificant productions<br>(Tribeca film festival 2019; LA film festival 2019\/\/WINNER Best Music Documentary; Chicago 2019 \/\/The Audience Honorable mention award; nominated for the Golden Kalf awards in Holland 2019; and the Eurosonic media prize 2020)<\/p>\n\n\n\n<p class=\"has-text-align-left has-text-color has-small-font-size\" style=\"color:#5e5b5b\">\u2013 <strong>The Edge of Democracy <\/strong>by Petra Costa 2019 (editing and story consultant)<br>Prod. Netflix\/Busca Vida filmes<br>(Oscar shortlist 2020; Netflix release; Sundance International competition 2019; and many more)<\/p>\n\n\n\n<p class=\"has-text-align-left has-text-color has-small-font-size\" style=\"color:#5e5b5b\">\u2013 <strong>One more Jump <\/strong>by Manu Gerosa 2019 (editing supervisor)<br>Prod. Amka films\/Graffitis Films<br>(PriMed 2020\/\/ WINNER 3 awards Prix des Jeunes de la M\u00e9diterran\u00e9e, Prix Premi\u00e8re Oeuvre and Prix \u00e0 la diffusion 2M; PRIX EUROPE for BEST DOCUMENTARY 2020; Kazan Film Festival 2020\/\/WINNER Prize of the Russian Guild of Film Critics; Trento Film Festival 2020\/\/WINNER prize Cinema AmoRe; London Palestine Film Festival; Other Israel FF; Docs MXvisions du r\u00e9el 2020&#8230;)<\/p>\n\n\n\n<p class=\"has-text-align-left has-text-color has-small-font-size\" style=\"color:#5e5b5b\">\u2013 <strong>Retrospective<\/strong> by J\u00e9r\u00f4me Bel 2019 (editor)<br>(Sheffield 2020, FID Marseille 2019, Doc Lisboa 2019)<\/p>\n\n\n\n<p class=\"has-text-align-left has-text-color has-small-font-size\" style=\"color:#5e5b5b\">\u2013<strong> Soeurs Jarariju<\/strong> by Jorge Cadena 2018 (editor)<br>Prod. Golden Egg Productions<br>(Berlinale 2019 Generation\/\/ SPECIAL MENTION; Molodist Kyiv International Film Festival\/\/ Special mention of jury&#8230;)<\/p>\n\n\n\n<p class=\"has-text-align-left has-text-color has-small-font-size\" style=\"color:#5e5b5b\">\u2013 <strong>Las fantasmas del Caribe<\/strong> by Felipe Monroy 2018 (editor)<br>Prod. Adok films\/RTS<br>(International competition Visions du r\u00e9el 2018; Malaga Film Festival 2019)\/\/WINNER Best Documentary director)<\/p>\n\n\n\n<p class=\"has-text-align-left has-text-color has-small-font-size\" style=\"color:#5e5b5b\">\u2013 <strong>Disappearances <\/strong>by Anat Even 2016 (editor)<br>(Doc Aviv 2017)<\/p>\n\n\n\n<p class=\"has-text-align-left has-text-color has-small-font-size\" style=\"color:#5e5b5b\">\u2013 <strong>Machines <\/strong>by Rahul Jain 2016 (editor)<br>(Griersons awards 2017\/\/WINNER Best documentary ; Sundance film festival 2017\/\/WINNER Best Cinematography; Thessaloniki International film festival\/\/WINNER International Jury award, Human value award, FIPRESCI award; Doc Fortnight MOMA opening film, and many more)<\/p>\n\n\n\n<p class=\"has-text-align-left has-text-color has-small-font-size\" style=\"color:#5e5b5b\">\u2013<strong> Thy father&#8217;s chair<\/strong> by Antonio Tibaldi and Alex Lora 2015 (story editor and editing consultant) <br>(L&#8217;Alternativa Film Festival 2016 \/\/WINNER Jury Prize; Euganea Film Festival 2017\/\/WINNER Best International Documentary;Filmmaker Film Festival 2016; IDFA 2015 Competition Feature-Length Documentary; Danish Film Institute ; Docaviv; Thessaloniki Documentary Film Festival; Belfast Film Festival ; DocumentaMadrid; San Francisco Jewish Film Festival; Message to Man International Film Festival; DOC NYC; Dokufest (Kosovo); Verzio Film Festival; Flahertiana IDFF; Antenna International Documentary Film Festival; Docudays UA ;True\/False Film Fest; Open City Docs; Biografilm Festival | International Celebration of lives ; Docs Against Gravity Film Festival&#8230;)<\/p>\n\n\n\n<p class=\"has-text-align-left has-text-color has-small-font-size\" style=\"color:#5e5b5b\">\u2013 <strong>The wonderful kingdom of Papa Alaev <\/strong>by Noam Pinchas and Tal Barda 2015 (editor)<\/p>\n\n\n\n<p class=\"has-text-align-left has-text-color has-small-font-size\" style=\"color:#5e5b5b\">\u2013 <strong>Muchachas<\/strong> by Juliana Fanjul 2014 (editor)<\/p>\n\n\n\n<p class=\"has-text-align-left has-text-color has-small-font-size\" style=\"color:#5e5b5b\">\u2013 <strong>Jugando con los pajajos<\/strong> by Simona Canonica 2014 (editor)<\/p>\n\n\n\n<p class=\"has-text-align-left has-text-color has-small-font-size\" style=\"color:#5e5b5b\">\u2013 <strong>The idiot cycle<\/strong> by Emmanuelle Schick 2011(editor)<\/p>\n\n\n\n<p class=\"has-text-align-left has-text-color has-small-font-size\" style=\"color:#5e5b5b\">\u2013<strong> La main de Dieu<\/strong> by Francois Sculier 2011 (editor)<\/p>\n\n\n\n<p class=\"has-text-align-left has-text-color has-small-font-size\" style=\"color:#5e5b5b\">\u2013 <strong>Tinghir-Jerusalem<\/strong> by Kamal Hachkar 2010 (editor)<\/p>\n\n\n\n<p><\/p>\n\n\n\n<p class=\"has-text-align-left has-text-color has-small-font-size\" style=\"color:#5e5b5b\">Yael is known to work closely with music, and she pursues close collaborations with experimental and jazz musicians<\/p>\n\n\n\n<p class=\"has-text-align-left has-text-color has-small-font-size\" style=\"color:#5e5b5b\">She has edited the musics of Kimmo Pojhonen, Hector J.Ayala, D&#8217;Angelo, Darko Rundek, John Zorn, Doug Wiesleman,<\/p>\n\n\n\n<p class=\"has-text-align-left has-text-color has-small-font-size\" style=\"color:#5e5b5b\">Andrea Parkins , Neta Elkhayam and Amit Hai Cohen, Roy Nathanson, among others.<\/p>\n\n\n\n<p class=\"has-text-align-left has-text-color has-small-font-size\" style=\"color:#5e5b5b\">-more credits and CV available upon request .<\/p>\n\n\n\n<p class=\"has-text-align-left has-text-color has-small-font-size\" style=\"color:#5e5b5b\"><strong>As director,<\/strong><\/p>\n\n\n\n<p class=\"has-text-align-left has-text-color has-small-font-size\" style=\"color:#5e5b5b\">she has directed two feature length documentaries. Both were invited to film festivals worldwide, and were broadcasted<br>and distributed in Europe and the USA: <strong>Not for Sale<\/strong>, 2003 and <strong>The Rabbi&#8217;s 12 children<\/strong>, 2007.<br>She also directed various shorter formats for television (ARTE).<\/p>\n\n\n\n<p class=\"has-text-align-left has-text-color has-small-font-size\" style=\"color:#5e5b5b\">She graduated in film directing at INSAS in Brussels in 1995. Since her first directorial endeavours, from conducting a film workshop in a psychiatric hospital in Brussels, or portraying young Israeli soldiers towards the end of their military service following the second intifada, to documenting the changes in the social fabric of her neighbourhood in NYC during the big first wave of gentrification, or telling the history of her father&#8217;s family by reassembling the stories of 12 siblings living across three countries, after living Morocco in the 60&#8217;s, her filmic investigations have been addressing this basic question: what makes people who they are?<\/p>\n\n\n\n<p class=\"has-text-align-left has-text-color has-small-font-size\" style=\"color:#5e5b5b\">From to 1995 to1999 she worked as a script supervisor on various feature films in the USA and in Europe, including:<br><em><strong>Lisbon story<\/strong> <\/em>by Wim Wenders, <strong><em>Girlfight<\/em><\/strong> by Karin Kusama, <strong><em>Hamlet<\/em><\/strong> by Michael Almereyda.<\/p>\n\n\n\n<p class=\"has-text-align-left has-text-color has-small-font-size\" style=\"color:#5e5b5b\">She was born in Geneva, lived in Israel, Brussels, New York, Spain and now lives in Paris .<\/p>\n\n\n\n<p class=\"has-text-align-left has-text-color has-small-font-size\" style=\"color:#5e5b5b\">French\/English<br>Spanish\/German\/Italian\/Hebrew<\/p>\n\n\n\n<p>contact@yaelbitton.com<\/p>\n\n\n\n<figure class=\"wp-block-image size-full\"><img loading=\"lazy\" decoding=\"async\" width=\"1024\" height=\"683\" src=\"http:\/\/yaelbitton.com\/wp-content\/uploads\/2023\/01\/Yael-Bitton-\u00a9-Tami-NotsaniIMG_4316.jpg\" alt=\"Yael Bitton portrait\nimage by \u00a9 Tami Notsani\" class=\"wp-image-40\" srcset=\"https:\/\/yaelbitton.com\/wp-content\/uploads\/2023\/01\/Yael-Bitton-\u00a9-Tami-NotsaniIMG_4316.jpg 1024w, https:\/\/yaelbitton.com\/wp-content\/uploads\/2023\/01\/Yael-Bitton-\u00a9-Tami-NotsaniIMG_4316-300x200.jpg 300w, https:\/\/yaelbitton.com\/wp-content\/uploads\/2023\/01\/Yael-Bitton-\u00a9-Tami-NotsaniIMG_4316-768x512.jpg 768w, https:\/\/yaelbitton.com\/wp-content\/uploads\/2023\/01\/Yael-Bitton-\u00a9-Tami-NotsaniIMG_4316-1000x667.jpg 1000w\" sizes=\"auto, (max-width: 1024px) 100vw, 1024px\" \/><figcaption class=\"wp-element-caption\">Ya\u00ebl Bitton, image by \u00a9 Tami Notsani<\/figcaption><\/figure>\n\n\n\n<p><\/p>\n","protected":false},"excerpt":{"rendered":"<p>Ya\u00ebl Bitton is a film-maker-editor-writer, and story consultant. She has been making films for over 25 years and pursues collaborations with filmmakers around the world.Additionally to her editor&#8217;s endeavours, she works independently as mentor, editing and story consultant as well as for Rough Cut Service, Doc Nomads, DokIncubator, Doc Montevideo, Circle, Visions du R\u00e9el, Ex [&hellip;]<\/p>\n","protected":false},"author":1,"featured_media":0,"parent":0,"menu_order":0,"comment_status":"closed","ping_status":"closed","template":"","meta":{"footnotes":""},"class_list":["post-17","page","type-page","status-publish","hentry"],"_links":{"self":[{"href":"https:\/\/yaelbitton.com\/index.php\/wp-json\/wp\/v2\/pages\/17","targetHints":{"allow":["GET"]}}],"collection":[{"href":"https:\/\/yaelbitton.com\/index.php\/wp-json\/wp\/v2\/pages"}],"about":[{"href":"https:\/\/yaelbitton.com\/index.php\/wp-json\/wp\/v2\/types\/page"}],"author":[{"embeddable":true,"href":"https:\/\/yaelbitton.com\/index.php\/wp-json\/wp\/v2\/users\/1"}],"replies":[{"embeddable":true,"href":"https:\/\/yaelbitton.com\/index.php\/wp-json\/wp\/v2\/comments?post=17"}],"version-history":[{"count":7,"href":"https:\/\/yaelbitton.com\/index.php\/wp-json\/wp\/v2\/pages\/17\/revisions"}],"predecessor-version":[{"id":71,"href":"https:\/\/yaelbitton.com\/index.php\/wp-json\/wp\/v2\/pages\/17\/revisions\/71"}],"wp:attachment":[{"href":"https:\/\/yaelbitton.com\/index.php\/wp-json\/wp\/v2\/media?parent=17"}],"curies":[{"name":"wp","href":"https:\/\/api.w.org\/{rel}","templated":true}]}}